{"id":149,"date":"2014-05-02T16:16:57","date_gmt":"2013-05-02T13:30:48","guid":{"rendered":"http:\/\/web.llcomp.cz\/?page_id=149"},"modified":"2020-09-25T12:08:40","modified_gmt":"2020-09-25T10:08:40","slug":"o-extrakci","status":"publish","type":"page","link":"https:\/\/web.llcomp.cz\/?lang=cs","title":{"rendered":"V\u00fdroba bylinn\u00fdch extrakt\u016f, sirup\u016f a n\u00e1pojov\u00fdch koncentr\u00e1t\u016f"},"content":{"rendered":"<p><img loading=\"lazy\" decoding=\"async\" class=\"size-medium wp-image-167 alignnone\" src=\"http:\/\/web.llcomp.cz\/wp-content\/uploads\/2013\/04\/provozovna-300x208.jpg\" alt=\"provozovna\" width=\"300\" height=\"208\" srcset=\"https:\/\/web.llcomp.cz\/wp-content\/uploads\/2013\/04\/provozovna-300x208.jpg 300w, https:\/\/web.llcomp.cz\/wp-content\/uploads\/2013\/04\/provozovna.jpg 450w\" sizes=\"auto, (max-width: 300px) 100vw, 300px\" \/><\/p>\n<p><img loading=\"lazy\" decoding=\"async\" class=\"size-medium wp-image-67\" src=\"http:\/\/web.llcomp.cz\/wp-content\/uploads\/2013\/04\/jitrocel-300x225.jpg\" alt=\"jitrocel, pole\" width=\"300\" height=\"225\" \/><\/p>\n<p>V\u00fdroba rostlinn\u00fdch extrakt\u016f byla u n\u00e1s zah\u00e1jena v roce 2002.<\/p>\n<p><b>Extrakce vodn\u00ed parou<\/b><\/p>\n<table style=\"width: 530px;\" border=\"0\" cellspacing=\"0\" cellpadding=\"0\">\n<tbody>\n<tr>\n<td align=\"left\" valign=\"top\" width=\"14\">\u00a0<\/td>\n<td align=\"left\" valign=\"top\">Na\u0161e technologie je vhodn\u00e1 pro v\u00fdrobu vodn\u00fdch extrakt\u016f z bylin (jako jsou b\u0159ezov\u00e9 list\u00ed, kv\u011bt l\u00edpy, kv\u011bt \u010dern\u00e9ho bezu, list kop\u0159ivy, z\u00e1zvor, m\u00e1ta, jitrocel, medu\u0148ka, apod.).<\/td>\n<\/tr>\n<\/tbody>\n<\/table>\n<p><b>Extrakce ethanolem<\/b><\/p>\n<table style=\"width: 529px;\" border=\"0\" cellspacing=\"0\" cellpadding=\"0\">\n<tbody>\n<tr>\n<td align=\"left\" valign=\"top\" width=\"14\">\u00a0<\/td>\n<td align=\"left\" valign=\"top\">Pro kosmetiku m\u016f\u017eeme nab\u00eddnout tak\u00e9 extrakty lihov\u00e9 (nap\u0159. ka\u0161tanov\u00fd).<\/td>\n<\/tr>\n<\/tbody>\n<\/table>\n<p><a href=\"http:\/\/web.llcomp.cz\/wp-content\/uploads\/2014\/05\/banner.jpg\"><img loading=\"lazy\" decoding=\"async\" class=\" size-full wp-image-527 alignnone\" src=\"http:\/\/web.llcomp.cz\/wp-content\/uploads\/2014\/05\/banner.jpg\" alt=\"banner\" width=\"300\" height=\"95\" \/><\/a><br \/><a title=\"Mezin\u00e1rodn\u00ed datab\u00e1ze velkoobchodn\u00edch dodavatel\u016f a maloobchodn\u00edch prodejc\u016f biopotravin\" href=\"http:\/\/www.organic-bio.com\">ORGANIC-BIO mezin\u00e1rodn\u00ed datab\u00e1ze<\/a><\/p>\n\n\n<p>Najdete n\u00e1s i na <a rel=\"noreferrer noopener\" href=\"https:\/\/mall.cz\/partner\/ll-spol-s-r-o\" target=\"_blank\">MALL.CZ<\/a><\/p>\n","protected":false},"excerpt":{"rendered":"<p>V\u00fdroba rostlinn\u00fdch extrakt\u016f byla u n\u00e1s zah\u00e1jena v roce 2002. Extrakce vodn\u00ed parou \u00a0 Na\u0161e technologie je vhodn\u00e1 pro v\u00fdrobu vodn\u00fdch extrakt\u016f z bylin (jako jsou b\u0159ezov\u00e9 list\u00ed, kv\u011bt l\u00edpy, kv\u011bt \u010dern\u00e9ho bezu, list kop\u0159ivy, z\u00e1zvor, m\u00e1ta, jitrocel, medu\u0148ka, apod.). &hellip; <a href=\"https:\/\/web.llcomp.cz\/?lang=cs\">Read more <span class=\"meta-nav\">&raquo;<\/span><\/a><\/p>\n","protected":false},"author":1,"featured_media":0,"parent":0,"menu_order":1,"comment_status":"open","ping_status":"closed","template":"","meta":{"footnotes":""},"class_list":["post-149","page","type-page","status-publish","hentry"],"_links":{"self":[{"href":"https:\/\/web.llcomp.cz\/index.php?rest_route=\/wp\/v2\/pages\/149","targetHints":{"allow":["GET"]}}],"collection":[{"href":"https:\/\/web.llcomp.cz\/index.php?rest_route=\/wp\/v2\/pages"}],"about":[{"href":"https:\/\/web.llcomp.cz\/index.php?rest_route=\/wp\/v2\/types\/page"}],"author":[{"embeddable":true,"href":"https:\/\/web.llcomp.cz\/index.php?rest_route=\/wp\/v2\/users\/1"}],"replies":[{"embeddable":true,"href":"https:\/\/web.llcomp.cz\/index.php?rest_route=%2Fwp%2Fv2%2Fcomments&post=149"}],"version-history":[{"count":26,"href":"https:\/\/web.llcomp.cz\/index.php?rest_route=\/wp\/v2\/pages\/149\/revisions"}],"predecessor-version":[{"id":911,"href":"https:\/\/web.llcomp.cz\/index.php?rest_route=\/wp\/v2\/pages\/149\/revisions\/911"}],"wp:attachment":[{"href":"https:\/\/web.llcomp.cz\/index.php?rest_route=%2Fwp%2Fv2%2Fmedia&parent=149"}],"curies":[{"name":"wp","href":"https:\/\/api.w.org\/{rel}","templated":true}]}}