{"id":18,"date":"2014-05-02T13:56:04","date_gmt":"2014-05-02T11:56:04","guid":{"rendered":"http:\/\/web.llcomp.cz\/?page_id=18"},"modified":"2020-08-01T22:48:03","modified_gmt":"2020-08-01T20:48:03","slug":"sirupy","status":"publish","type":"page","link":"https:\/\/web.llcomp.cz\/?page_id=18","title":{"rendered":"Sirupy a n\u00e1pojov\u00e9 koncentr\u00e1ty"},"content":{"rendered":"<div class=\"col-full\">\n<div id=\"primary\" class=\"content-area\">\n<div class=\"page-description\">\n<h2><a href=\"http:\/\/web.llcomp.cz\/wp-content\/uploads\/2014\/05\/9sirup\u016f.gif\"><img loading=\"lazy\" decoding=\"async\" class=\"size-medium wp-image-618 alignnone\" src=\"http:\/\/web.llcomp.cz\/wp-content\/uploads\/2014\/05\/9sirup\u016f-300x195.gif\" alt=\"To jsou bylinn\u00e9 koncentr\u00e1ty\" width=\"300\" height=\"195\" srcset=\"https:\/\/web.llcomp.cz\/wp-content\/uploads\/2014\/05\/9sirup\u016f-300x195.gif 300w, https:\/\/web.llcomp.cz\/wp-content\/uploads\/2014\/05\/9sirup\u016f-768x500.gif 768w\" sizes=\"auto, (max-width: 300px) 100vw, 300px\" \/><\/a><\/h2>\n<p style=\"text-align: justify;\">\u0158ada n\u00e1pojov\u00fdch koncentr\u00e1t\u016f (p\u0159\u00edp. sirup\u016f jak by to mohlo b\u00fdt v p\u0159\u00edpad\u011b obsahu cukru 50% a v\u00edce) To, kter\u00e9 na\u0161e firma vyr\u00e1b\u00ed (a prod\u00e1v\u00e1) s drobn\u00fdmi obm\u011bnami od roku 2005 je bez p\u0159\u00eddavku um\u011bl\u00fdch sladidel, barviv a konzervant\u016f a aromat a je ur\u010dena k p\u0159\u00edprav\u011b nealkoholick\u00fdch n\u00e1poj\u016f. N\u00e1vod k p\u0159\u00edprav\u011b limon\u00e1dy: Z\u0159e\u010fte To alespo\u0148 p\u011btin\u00e1sobn\u00fdm mno\u017estv\u00edm studen\u00e9 \u010di hork\u00e9 vody, p\u0159idejte kapku citronov\u00e9 \u010di jin\u00e9 ovocn\u00e9 \u0161\u0165\u00e1vy a n\u00e1poj je hotov\u00a0 (nebo To m\u016f\u017eete p\u0159im\u00edchat i do sv\u00e9ho obl\u00edben\u00e9ho n\u00e1poje, jogurtu, dezertu \u010di zmrzliny). Po otev\u0159en\u00ed To uchov\u00e1vejte v chladu a spot\u0159ebujte do 14 dn\u016f.<\/p>\n<p style=\"text-align: justify;\">Mo\u017enost n\u00e1kupu tak\u00e9 p\u0159es e-shop nebo formul\u00e1\u0159, v\u00edce informac\u00ed o v\u0161ech aktu\u00e1ln\u011b nab\u00edzen\u00fdch koncentr\u00e1tech v\u010d. slo\u017een\u00ed a \u00fadaj\u016f na etiket\u00e1ch a dostupnosti, n\u00e1hled na\u0161ich bio certifik\u00e1t\u016f apod. najdete na: <a href=\"http:\/\/www.sirupy.eu\">www.sirupy.eu<\/a>.<\/p>\n<\/div>\n<\/div>\n<\/div>\n","protected":false},"excerpt":{"rendered":"<p>\u0158ada n\u00e1pojov\u00fdch koncentr\u00e1t\u016f (p\u0159\u00edp. sirup\u016f jak by to mohlo b\u00fdt v p\u0159\u00edpad\u011b obsahu cukru 50% a v\u00edce) To, kter\u00e9 na\u0161e firma vyr\u00e1b\u00ed (a prod\u00e1v\u00e1) s drobn\u00fdmi obm\u011bnami od roku 2005 je bez p\u0159\u00eddavku um\u011bl\u00fdch sladidel, barviv a konzervant\u016f a aromat &hellip; <a href=\"https:\/\/web.llcomp.cz\/?page_id=18\">Read more <span class=\"meta-nav\">&raquo;<\/span><\/a><\/p>\n","protected":false},"author":1,"featured_media":0,"parent":0,"menu_order":2,"comment_status":"open","ping_status":"closed","template":"","meta":{"footnotes":""},"class_list":["post-18","page","type-page","status-publish","hentry"],"_links":{"self":[{"href":"https:\/\/web.llcomp.cz\/index.php?rest_route=\/wp\/v2\/pages\/18","targetHints":{"allow":["GET"]}}],"collection":[{"href":"https:\/\/web.llcomp.cz\/index.php?rest_route=\/wp\/v2\/pages"}],"about":[{"href":"https:\/\/web.llcomp.cz\/index.php?rest_route=\/wp\/v2\/types\/page"}],"author":[{"embeddable":true,"href":"https:\/\/web.llcomp.cz\/index.php?rest_route=\/wp\/v2\/users\/1"}],"replies":[{"embeddable":true,"href":"https:\/\/web.llcomp.cz\/index.php?rest_route=%2Fwp%2Fv2%2Fcomments&post=18"}],"version-history":[{"count":54,"href":"https:\/\/web.llcomp.cz\/index.php?rest_route=\/wp\/v2\/pages\/18\/revisions"}],"predecessor-version":[{"id":896,"href":"https:\/\/web.llcomp.cz\/index.php?rest_route=\/wp\/v2\/pages\/18\/revisions\/896"}],"wp:attachment":[{"href":"https:\/\/web.llcomp.cz\/index.php?rest_route=%2Fwp%2Fv2%2Fmedia&parent=18"}],"curies":[{"name":"wp","href":"https:\/\/api.w.org\/{rel}","templated":true}]}}