{"id":21,"date":"2014-05-02T13:20:48","date_gmt":"2014-05-02T11:20:48","guid":{"rendered":"http:\/\/web.llcomp.cz\/?page_id=21"},"modified":"2021-10-18T11:55:20","modified_gmt":"2021-10-18T09:55:20","slug":"o-firme","status":"publish","type":"page","link":"https:\/\/web.llcomp.cz\/?page_id=21","title":{"rendered":"O firm\u011b"},"content":{"rendered":"<p><img decoding=\"async\" src=\"http:\/\/llcomp.cz\/images\/e_box.gif\" alt=\"\" border=\"0\" \/>\u00a0\u00a0<b>\u00dadaje o firm\u011b<\/b><\/p>\n<table border=\"0\" width=\"580\" cellspacing=\"0\" cellpadding=\"0\">\n<tbody>\n<tr>\n<td align=\"left\" valign=\"top\" width=\"14\"><\/td>\n<td align=\"left\" valign=\"top\">LL spol. s r.o. je zaps\u00e1na v obchodn\u00edm rejst\u0159\u00edku veden\u00e9m M\u011bstsk\u00fdm soudem v Praze, odd\u00edl C, vlo\u017eka 7667, od 4. b\u0159ezna 1992. I\u010cO 45313466, DI\u010c CZ45313466<br \/>\nFirma s\u00eddl\u00ed na adrese: B\u011blohorsk\u00e1 493\/63, Praha 6, PS\u010c 169 00.<br \/>\nProvozovny varny a kovov\u00fdroby jsou v Sob\u011bslavi, Ra\u0161\u00ednova 422, PS\u010c 392 01. Spole\u010dnost zam\u011bstn\u00e1v\u00e1 p\u0159ibli\u017en\u011b 20 lid\u00ed. Obrat firmy se pohybuje mezi 20 a 40 miliony K\u010d ro\u010dn\u011b.<\/td>\n<\/tr>\n<\/tbody>\n<\/table>\n","protected":false},"excerpt":{"rendered":"<p>\u00a0\u00a0\u00dadaje o firm\u011b LL spol. s r.o. je zaps\u00e1na v obchodn\u00edm rejst\u0159\u00edku veden\u00e9m M\u011bstsk\u00fdm soudem v Praze, odd\u00edl C, vlo\u017eka 7667, od 4. b\u0159ezna 1992. I\u010cO 45313466, DI\u010c CZ45313466 Firma s\u00eddl\u00ed na adrese: B\u011blohorsk\u00e1 493\/63, Praha 6, PS\u010c 169 00. &hellip; <a href=\"https:\/\/web.llcomp.cz\/?page_id=21\">Read more <span class=\"meta-nav\">&raquo;<\/span><\/a><\/p>\n","protected":false},"author":1,"featured_media":0,"parent":0,"menu_order":0,"comment_status":"open","ping_status":"closed","template":"","meta":{"footnotes":""},"class_list":["post-21","page","type-page","status-publish","hentry"],"_links":{"self":[{"href":"https:\/\/web.llcomp.cz\/index.php?rest_route=\/wp\/v2\/pages\/21","targetHints":{"allow":["GET"]}}],"collection":[{"href":"https:\/\/web.llcomp.cz\/index.php?rest_route=\/wp\/v2\/pages"}],"about":[{"href":"https:\/\/web.llcomp.cz\/index.php?rest_route=\/wp\/v2\/types\/page"}],"author":[{"embeddable":true,"href":"https:\/\/web.llcomp.cz\/index.php?rest_route=\/wp\/v2\/users\/1"}],"replies":[{"embeddable":true,"href":"https:\/\/web.llcomp.cz\/index.php?rest_route=%2Fwp%2Fv2%2Fcomments&post=21"}],"version-history":[{"count":15,"href":"https:\/\/web.llcomp.cz\/index.php?rest_route=\/wp\/v2\/pages\/21\/revisions"}],"predecessor-version":[{"id":927,"href":"https:\/\/web.llcomp.cz\/index.php?rest_route=\/wp\/v2\/pages\/21\/revisions\/927"}],"wp:attachment":[{"href":"https:\/\/web.llcomp.cz\/index.php?rest_route=%2Fwp%2Fv2%2Fmedia&parent=21"}],"curies":[{"name":"wp","href":"https:\/\/api.w.org\/{rel}","templated":true}]}}