{"id":25,"date":"2014-05-02T13:41:08","date_gmt":"2014-05-02T11:41:08","guid":{"rendered":"http:\/\/web.llcomp.cz\/?page_id=25"},"modified":"2025-06-24T10:35:44","modified_gmt":"2025-06-24T08:35:44","slug":"kontakt","status":"publish","type":"page","link":"https:\/\/web.llcomp.cz\/?page_id=25","title":{"rendered":"Kontakty"},"content":{"rendered":"<h2><b>Kontakty s\u00eddla na\u0161\u00ed firmy a provozoven<\/b><\/h2>\n<figure><iframe src=\"https:\/\/www.google.com\/maps\/embed?pb=!1m18!1m12!1m3!1d6088.869705010777!2d14.368769273298309!3d50.085269208281886!2m3!1f0!2f0!3f0!3m2!1i1024!2i768!4f13.1!3m3!1m2!1s0x470b95634a691395%3A0xfd79bb3718839177!2sLL%20spol.%20s%20r.o.!5e0!3m2!1sfr!2scz!4v1750686547720!5m2!1sfr!2scz\" width=\"600\" height=\"450\" style=\"border:0;\" allowfullscreen=\"\" loading=\"lazy\" referrerpolicy=\"no-referrer-when-downgrade\"><\/iframe><\/figure>\n<p>LL spol. s r.o., B\u011blohorsk\u00e1 493\/63 (vchod z ulice Z\u00fa\u017een\u00e1),<br \/>\n169 00 Praha 6, \u010cesk\u00e1 republika<br \/>\nTel: +420 235366410, +420 220610125,<br \/>\nFax:\u00a0+420\u00a0235301582,<br \/>\n<span style=\"color: #444444;\">Mobil: +420 608254013,<br \/>\n<\/span>e-mail: <a href=\"mailto:llco.@llcomp.cz\"> llco.@llcomp.cz,<\/a><br \/>\n<a href=\"http:\/\/llcomp.cz\">www.llcomp.cz<\/a><span style=\"text-decoration: underline;\"><br \/>\n<\/span><span style=\"color: #444444;\">I\u010cO: 45313466<br \/>\n<\/span><span style=\"color: #444444;\">DI\u010c: CZ45313466<\/span><\/p>\n<h3><strong>Extrakce &#8211; v\u00fdroba rostlinn\u00fdch extrakt\u016f, n\u00e1poj\u016f, koncentr\u00e1t\u016f a sirup\u016f<\/strong><\/h3>\n<p><strong>LL spol. s r.o.<br \/>\n<\/strong>Ra\u0161\u00ednova 422\/14<br \/>\n392 01 Sob\u011bslav<br \/>\nTel\/Fax: +420 381521303<br \/>\nTel: +420 608254013<br \/>\n<a href=\"https:\/\/www.sirupy.eu\">www.sirupy.eu<\/a><\/p>\n<p><img loading=\"lazy\" decoding=\"async\" src=\"http:\/\/sirupy.eu\/wp-content\/uploads\/2012\/04\/mapy_Sobeslav.jpg\" alt=\"mapy_Sobeslav\" width=\"553\" height=\"185\" \/><\/p>\n<h3><strong>Kovov\u00fdroba\u00a0<\/strong><\/h3>\n<p><strong><strong>LL spol. s r.o.<br \/>\n<\/strong><\/strong>Ra\u0161\u00ednova 422\/14<br \/>\n<span style=\"color: #444444;\">392 01 Sob\u011bslav<br \/>\n<\/span><span style=\"color: #444444;\">Tel: +420 777798940<br \/>\n<\/span>Tel: +420 608254013<br \/>\nFax: +420 235301582<br \/>\n<a href=\"https:\/\/kovovyroba.llcomp.cz\">kovovyroba.llcomp.cz<\/a><\/p>\n<hr \/>\n<p>\u00a92021 LL spol. s r.o., <a href=\"mailto:webmaster@llcomp.cz\">info@llcomp.cz<\/a><\/p>\n","protected":false},"excerpt":{"rendered":"<p>Kontakty s\u00eddla na\u0161\u00ed firmy a provozoven LL spol. s r.o., B\u011blohorsk\u00e1 493\/63 (vchod z ulice Z\u00fa\u017een\u00e1), 169 00 Praha 6, \u010cesk\u00e1 republika Tel: +420 235366410, +420 220610125, Fax:\u00a0+420\u00a0235301582, Mobil: +420 608254013, e-mail: llco.@llcomp.cz, www.llcomp.cz I\u010cO: 45313466 DI\u010c: CZ45313466 Extrakce &#8211; &hellip; <a href=\"https:\/\/web.llcomp.cz\/?page_id=25\">Read more <span class=\"meta-nav\">&raquo;<\/span><\/a><\/p>\n","protected":false},"author":1,"featured_media":0,"parent":0,"menu_order":13,"comment_status":"open","ping_status":"closed","template":"","meta":{"footnotes":""},"class_list":["post-25","page","type-page","status-publish","hentry"],"_links":{"self":[{"href":"https:\/\/web.llcomp.cz\/index.php?rest_route=\/wp\/v2\/pages\/25","targetHints":{"allow":["GET"]}}],"collection":[{"href":"https:\/\/web.llcomp.cz\/index.php?rest_route=\/wp\/v2\/pages"}],"about":[{"href":"https:\/\/web.llcomp.cz\/index.php?rest_route=\/wp\/v2\/types\/page"}],"author":[{"embeddable":true,"href":"https:\/\/web.llcomp.cz\/index.php?rest_route=\/wp\/v2\/users\/1"}],"replies":[{"embeddable":true,"href":"https:\/\/web.llcomp.cz\/index.php?rest_route=%2Fwp%2Fv2%2Fcomments&post=25"}],"version-history":[{"count":33,"href":"https:\/\/web.llcomp.cz\/index.php?rest_route=\/wp\/v2\/pages\/25\/revisions"}],"predecessor-version":[{"id":987,"href":"https:\/\/web.llcomp.cz\/index.php?rest_route=\/wp\/v2\/pages\/25\/revisions\/987"}],"wp:attachment":[{"href":"https:\/\/web.llcomp.cz\/index.php?rest_route=%2Fwp%2Fv2%2Fmedia&parent=25"}],"curies":[{"name":"wp","href":"https:\/\/api.w.org\/{rel}","templated":true}]}}