{"id":33,"date":"2013-05-13T14:53:23","date_gmt":"2013-02-22T10:53:55","guid":{"rendered":"http:\/\/web.llcomp.cz\/?page_id=33"},"modified":"2021-11-04T16:00:17","modified_gmt":"2021-11-04T15:00:17","slug":"strojni-vybaveni","status":"publish","type":"page","link":"https:\/\/web.llcomp.cz\/?page_id=33","title":{"rendered":"Strojn\u00ed vybaven\u00ed"},"content":{"rendered":"<p><img decoding=\"async\" src=\"http:\/\/llcomp.cz\/images\/m_box.gif\" alt=\"\" border=\"0\" \/>\u00a0\u00a0<b>Strojn\u00ed vybaven\u00ed<\/b><\/p>\n<table border=\"0\" cellspacing=\"0\" cellpadding=\"0\">\n<tbody>\n<tr>\n<td align=\"left\" valign=\"top\" width=\"14\"><\/td>\n<td align=\"left\" valign=\"top\">\u0158ez\u00e1n\u00ed plazmou<br \/>\nLis v\u00fdst\u0159edn\u00edkov\u00fd 40 tun<br \/>\nLis v\u00fdst\u0159edn\u00edkov\u00fd 160 tun<br \/>\nLis v\u00fdst\u0159edn\u00edkov\u00fd 250 tun<br \/>\nLis hydraulick\u00fd 40 tun<br \/>\nOhra\u0148ovac\u00ed lis<br \/>\nMIG (MAG) sv\u00e1\u0159ec\u00ed soupravy<br \/>\nTIG sv\u00e1\u0159ec\u00ed soupravy<br \/>\nUniverz\u00e1ln\u00ed soustruhy<br \/>\nSloupov\u00e9 vrta\u010dky<br \/>\nBrusky na plocho<br \/>\nBrusky na kulato<br \/>\nFr\u00e9zky<br \/>\nAutomatick\u00e9 soustruhy<br \/>\nKompresor<br \/>\nN\u016f\u017eky na plech (do 4 mm)<br \/>\nPily na kov<\/td>\n<\/tr>\n<\/tbody>\n<\/table>\n<p>Dal\u0161\u00ed info a e-shop viz.: <a href=\"https:\/\/kovovyroba.llcomp.cz\">kovovyroba.llcomp.cz<\/a><\/p>\n","protected":false},"excerpt":{"rendered":"<p>\u00a0\u00a0Strojn\u00ed vybaven\u00ed \u0158ez\u00e1n\u00ed plazmou Lis v\u00fdst\u0159edn\u00edkov\u00fd 40 tun Lis v\u00fdst\u0159edn\u00edkov\u00fd 160 tun Lis v\u00fdst\u0159edn\u00edkov\u00fd 250 tun Lis hydraulick\u00fd 40 tun Ohra\u0148ovac\u00ed lis MIG (MAG) sv\u00e1\u0159ec\u00ed soupravy TIG sv\u00e1\u0159ec\u00ed soupravy Univerz\u00e1ln\u00ed soustruhy Sloupov\u00e9 vrta\u010dky Brusky na plocho Brusky na kulato Fr\u00e9zky &hellip; <a href=\"https:\/\/web.llcomp.cz\/?page_id=33\">Read more <span class=\"meta-nav\">&raquo;<\/span><\/a><\/p>\n","protected":false},"author":1,"featured_media":0,"parent":30,"menu_order":5,"comment_status":"open","ping_status":"closed","template":"","meta":{"footnotes":""},"class_list":["post-33","page","type-page","status-publish","hentry"],"_links":{"self":[{"href":"https:\/\/web.llcomp.cz\/index.php?rest_route=\/wp\/v2\/pages\/33","targetHints":{"allow":["GET"]}}],"collection":[{"href":"https:\/\/web.llcomp.cz\/index.php?rest_route=\/wp\/v2\/pages"}],"about":[{"href":"https:\/\/web.llcomp.cz\/index.php?rest_route=\/wp\/v2\/types\/page"}],"author":[{"embeddable":true,"href":"https:\/\/web.llcomp.cz\/index.php?rest_route=\/wp\/v2\/users\/1"}],"replies":[{"embeddable":true,"href":"https:\/\/web.llcomp.cz\/index.php?rest_route=%2Fwp%2Fv2%2Fcomments&post=33"}],"version-history":[{"count":6,"href":"https:\/\/web.llcomp.cz\/index.php?rest_route=\/wp\/v2\/pages\/33\/revisions"}],"predecessor-version":[{"id":940,"href":"https:\/\/web.llcomp.cz\/index.php?rest_route=\/wp\/v2\/pages\/33\/revisions\/940"}],"up":[{"embeddable":true,"href":"https:\/\/web.llcomp.cz\/index.php?rest_route=\/wp\/v2\/pages\/30"}],"wp:attachment":[{"href":"https:\/\/web.llcomp.cz\/index.php?rest_route=%2Fwp%2Fv2%2Fmedia&parent=33"}],"curies":[{"name":"wp","href":"https:\/\/api.w.org\/{rel}","templated":true}]}}