{"id":35,"date":"2014-05-02T13:39:37","date_gmt":"2013-05-13T12:46:32","guid":{"rendered":"http:\/\/web.llcomp.cz\/?page_id=35"},"modified":"2021-11-04T15:59:51","modified_gmt":"2021-11-04T14:59:51","slug":"vyrobni-moznosti","status":"publish","type":"page","link":"https:\/\/web.llcomp.cz\/?page_id=35","title":{"rendered":"V\u00fdrobn\u00ed mo\u017enosti"},"content":{"rendered":"<p><b>V\u00fdrobn\u00ed mo\u017enosti\u00a0<\/b><\/p>\n<p><a href=\"https:\/\/web.llcomp.cz\/wp-content\/uploads\/2019\/10\/IMGP0605.jpg\"><img loading=\"lazy\" decoding=\"async\" class=\"alignright size-medium wp-image-860\" src=\"https:\/\/web.llcomp.cz\/wp-content\/uploads\/2019\/10\/IMGP0605-300x225.jpg\" alt=\"\" width=\"300\" height=\"225\" srcset=\"https:\/\/web.llcomp.cz\/wp-content\/uploads\/2019\/10\/IMGP0605-300x225.jpg 300w, https:\/\/web.llcomp.cz\/wp-content\/uploads\/2019\/10\/IMGP0605-768x576.jpg 768w, https:\/\/web.llcomp.cz\/wp-content\/uploads\/2019\/10\/IMGP0605-1024x768.jpg 1024w, https:\/\/web.llcomp.cz\/wp-content\/uploads\/2019\/10\/IMGP0605.jpg 1600w\" sizes=\"auto, (max-width: 300px) 100vw, 300px\" \/><\/a>S\u00e9riovou v\u00fdrobu rota\u010dn\u00edch sou\u010d\u00e1st\u00ed prov\u00e1d\u00edme t\u0159\u00edskov\u00fdm obr\u00e1b\u011bn\u00edm na soustru\u017enick\u00fdch automatech do pr\u016fm\u011bru sou\u010d\u00e1sti 40 mm. V\u00fdrobu d\u00edl\u016f v jednotliv\u00fdch kusech nebo velmi mal\u00fdch s\u00e9ri\u00edch zaji\u0161\u0165ujeme na univerz\u00e1ln\u00edch obr\u00e1b\u011bc\u00edch stroj\u00edch, jako jsou soustruhy, fr\u00e9zky, vrta\u010dky nebo brusky. Na t\u011bchto stroj\u00edch jsme schopni obr\u00e1b\u011bt prakticky ve\u0161ker\u00e9 kovov\u00e9 materi\u00e1ly, jako je ocel, nerez, hlin\u00edk, r\u016fzn\u00e9 slitiny m\u011bdi nebo r\u016fzn\u00e9 druhy technick\u00fdch plast\u016f.<\/p>\n<p>Tato v\u00fdroba je vhodn\u011b dopln\u011bna z\u00e1me\u010dnickou a servisn\u00ed d\u00edlnou, kter\u00e1 je vybavena stroji pro bezt\u0159\u00edskov\u00e9 d\u011blen\u00ed materi\u00e1lu, oh\u00fdban\u00ed plech\u016f, prost\u0159ihov\u00e1n\u00ed otvor\u016f a v neposledn\u00ed \u0159ad\u011b i sv\u00e1\u0159e\u010dsk\u00fdm pracovi\u0161t\u011bm. Zde je mo\u017en\u00e9 prov\u00e1d\u011bt v\u00fdrobu r\u016fzn\u00fdch konstrukc\u00ed z ocelov\u00fdch profil\u016f nebo plechov\u00fdch d\u00edlc\u016f. Nov\u011b vybaven\u00ed kovov\u00fdroby poskytuje tak\u00e9 mo\u017enost \u0159ez\u00e1n\u00ed plazmou.<\/p>\n<p>Servisn\u00ed d\u00edlna je vybavena ru\u010dn\u00edm mont\u00e1\u017en\u00edm n\u00e1\u0159ad\u00edm pro opravy stroj\u016f se specializac\u00ed na za\u0159\u00edzen\u00ed potravin\u00e1\u0159sk\u00fdch provoz\u016f, a to v\u010detn\u011b oprav a rekonstrukc\u00ed elektrick\u00fdch \u010d\u00e1st\u00ed.<br \/>\ntypov\u011b \u0161irok\u00e9 strojn\u00ed a d\u00edlensk\u00e9 vybaven\u00ed umo\u017e\u0148uje kompletn\u00ed v\u00fdrobu jak jednotliv\u00fdch sou\u010d\u00e1st\u00ed, tak v\u011bt\u0161\u00edch konstruk\u010dn\u00edch celk\u016f i atypick\u00fdch za\u0159\u00edzen\u00ed.<\/p>\n<p>Povrchov\u00e9 \u00fapravy (zinkov\u00e1n\u00ed, chromov\u00e1n\u00ed, fosf\u00e1tov\u00e1n\u00ed, \u010dern\u011bn\u00ed a pr\u00e1\u0161kov\u00e9 lakov\u00e1n\u00ed) zaji\u0161\u0165ujeme v kooperaci.<\/p>\n<p>Na\u0161e spole\u010dnost stav\u00ed na \u00fazk\u00e9 spolupr\u00e1ci se z\u00e1kazn\u00edkem zalo\u017een\u00e9 na vysok\u00e9 kvalit\u011b produkt\u016f, kr\u00e1tk\u00fdch dodac\u00edch lh\u016ft\u00e1ch a na kvalitn\u00edm servisu a slu\u017eb\u00e1ch p\u0159izp\u016fsoben\u00fdch konkr\u00e9tn\u00edm pot\u0159eb\u00e1m ka\u017ed\u00e9ho odb\u011bratele. Kvalifikovan\u00fd t\u00fdm na\u0161ich zam\u011bstnanc\u016f je p\u0159ipraven \u0159e\u0161it s V\u00e1mi zak\u00e1zku od konzultace nad v\u00fdkresy a\u017e po logistiku.<\/p>\n<p>Pro realizaci zak\u00e1zek jsou d\u016fle\u017eit\u00e9 p\u0159edev\u0161\u00edm tyto podklady:<\/p>\n<blockquote><p>\u2022 V\u00fdkresov\u00e1 dokumentace<br \/>\n\u2022 Mno\u017estv\u00ed vyr\u00e1b\u011bn\u00fdch d\u00edl\u016f<\/p><\/blockquote>\n<p>Dal\u0161\u00ed info a e-shop viz.: <a href=\"https:\/\/kovovyroba.llcomp.cz\">kovovyroba.llcomp.cz<\/a><\/p>\n<hr \/>\n<p>\u00a9 LL spol. s r.o., <a href=\"mailto:webmaster@llcomp.cz\">webmaster@llcomp.cz<\/a><\/p>\n","protected":false},"excerpt":{"rendered":"<p>V\u00fdrobn\u00ed mo\u017enosti\u00a0 S\u00e9riovou v\u00fdrobu rota\u010dn\u00edch sou\u010d\u00e1st\u00ed prov\u00e1d\u00edme t\u0159\u00edskov\u00fdm obr\u00e1b\u011bn\u00edm na soustru\u017enick\u00fdch automatech do pr\u016fm\u011bru sou\u010d\u00e1sti 40 mm. V\u00fdrobu d\u00edl\u016f v jednotliv\u00fdch kusech nebo velmi mal\u00fdch s\u00e9ri\u00edch zaji\u0161\u0165ujeme na univerz\u00e1ln\u00edch obr\u00e1b\u011bc\u00edch stroj\u00edch, jako jsou soustruhy, fr\u00e9zky, vrta\u010dky nebo brusky. Na t\u011bchto &hellip; <a href=\"https:\/\/web.llcomp.cz\/?page_id=35\">Read more <span class=\"meta-nav\">&raquo;<\/span><\/a><\/p>\n","protected":false},"author":1,"featured_media":0,"parent":30,"menu_order":4,"comment_status":"open","ping_status":"closed","template":"","meta":{"footnotes":""},"class_list":["post-35","page","type-page","status-publish","hentry"],"_links":{"self":[{"href":"https:\/\/web.llcomp.cz\/index.php?rest_route=\/wp\/v2\/pages\/35","targetHints":{"allow":["GET"]}}],"collection":[{"href":"https:\/\/web.llcomp.cz\/index.php?rest_route=\/wp\/v2\/pages"}],"about":[{"href":"https:\/\/web.llcomp.cz\/index.php?rest_route=\/wp\/v2\/types\/page"}],"author":[{"embeddable":true,"href":"https:\/\/web.llcomp.cz\/index.php?rest_route=\/wp\/v2\/users\/1"}],"replies":[{"embeddable":true,"href":"https:\/\/web.llcomp.cz\/index.php?rest_route=%2Fwp%2Fv2%2Fcomments&post=35"}],"version-history":[{"count":8,"href":"https:\/\/web.llcomp.cz\/index.php?rest_route=\/wp\/v2\/pages\/35\/revisions"}],"predecessor-version":[{"id":939,"href":"https:\/\/web.llcomp.cz\/index.php?rest_route=\/wp\/v2\/pages\/35\/revisions\/939"}],"up":[{"embeddable":true,"href":"https:\/\/web.llcomp.cz\/index.php?rest_route=\/wp\/v2\/pages\/30"}],"wp:attachment":[{"href":"https:\/\/web.llcomp.cz\/index.php?rest_route=%2Fwp%2Fv2%2Fmedia&parent=35"}],"curies":[{"name":"wp","href":"https:\/\/api.w.org\/{rel}","templated":true}]}}