{"id":378,"date":"2014-05-02T13:20:48","date_gmt":"2014-05-02T11:20:48","guid":{"rendered":"http:\/\/web.llcomp.cz\/?page_id=378"},"modified":"2020-09-25T11:30:25","modified_gmt":"2020-09-25T09:30:25","slug":"about","status":"publish","type":"page","link":"https:\/\/web.llcomp.cz\/?page_id=378","title":{"rendered":"About us"},"content":{"rendered":"<p>Our company produces herbal extracts and syrups (both conventional and organic). Another division of the company is metalworks.<\/p>\n<p>LL spol. s r. o. is registered in the Commercial Register of the Municipal Court in Prague, Section C, Insert 7667, from 4 March 1992. VAT Nr.: CZ45313466<br \/>\nThe company&#8217;s hub is located in Prague at B\u011blohorsk\u00e1 493\/63, Praha 6, postal code 169 00, Czech Republic.<br \/>\nHerbal extracts and syrups production and metalworks are situated in Sob\u011bslav, Ra\u0161\u00ednova 422, Postal Code 392 01. The company employs approx. 20 people. Its turnover varies usually within 20 and 40 million CZK per year.<\/p>\n","protected":false},"excerpt":{"rendered":"<p>Our company produces herbal extracts and syrups (both conventional and organic). Another division of the company is metalworks. LL spol. s r. o. is registered in the Commercial Register of the Municipal Court in Prague, Section C, Insert 7667, from &hellip; <a href=\"https:\/\/web.llcomp.cz\/?page_id=378\">Read more <span class=\"meta-nav\">&raquo;<\/span><\/a><\/p>\n","protected":false},"author":4,"featured_media":0,"parent":0,"menu_order":0,"comment_status":"open","ping_status":"closed","template":"","meta":{"footnotes":""},"class_list":["post-378","page","type-page","status-publish","hentry"],"_links":{"self":[{"href":"https:\/\/web.llcomp.cz\/index.php?rest_route=\/wp\/v2\/pages\/378","targetHints":{"allow":["GET"]}}],"collection":[{"href":"https:\/\/web.llcomp.cz\/index.php?rest_route=\/wp\/v2\/pages"}],"about":[{"href":"https:\/\/web.llcomp.cz\/index.php?rest_route=\/wp\/v2\/types\/page"}],"author":[{"embeddable":true,"href":"https:\/\/web.llcomp.cz\/index.php?rest_route=\/wp\/v2\/users\/4"}],"replies":[{"embeddable":true,"href":"https:\/\/web.llcomp.cz\/index.php?rest_route=%2Fwp%2Fv2%2Fcomments&post=378"}],"version-history":[{"count":5,"href":"https:\/\/web.llcomp.cz\/index.php?rest_route=\/wp\/v2\/pages\/378\/revisions"}],"predecessor-version":[{"id":901,"href":"https:\/\/web.llcomp.cz\/index.php?rest_route=\/wp\/v2\/pages\/378\/revisions\/901"}],"wp:attachment":[{"href":"https:\/\/web.llcomp.cz\/index.php?rest_route=%2Fwp%2Fv2%2Fmedia&parent=378"}],"curies":[{"name":"wp","href":"https:\/\/api.w.org\/{rel}","templated":true}]}}