{"id":39,"date":"2014-05-02T13:27:22","date_gmt":"2013-02-22T10:56:43","guid":{"rendered":"http:\/\/web.llcomp.cz\/?page_id=39"},"modified":"2024-05-20T15:19:08","modified_gmt":"2024-05-20T13:19:08","slug":"ramy-na-palety","status":"publish","type":"page","link":"https:\/\/web.llcomp.cz\/?page_id=39","title":{"rendered":"R\u00e1my na palety"},"content":{"rendered":"<h2><b>SKL\u00c1DAC\u00cd N\u00c1STAVBOV\u00c9 R\u00c1MY NA PALETY<br \/>\n<\/b><\/h2>\n<p><a href=\"http:\/\/web.llcomp.cz\/wp-content\/uploads\/2014\/05\/m_ramy03.jpg\"><img loading=\"lazy\" decoding=\"async\" class=\"size-medium wp-image-637 alignleft\" src=\"http:\/\/web.llcomp.cz\/wp-content\/uploads\/2014\/05\/m_ramy03-300x280.jpg\" alt=\"R\u00e1my na palety\" width=\"300\" height=\"280\" srcset=\"https:\/\/web.llcomp.cz\/wp-content\/uploads\/2014\/05\/m_ramy03-300x280.jpg 300w, https:\/\/web.llcomp.cz\/wp-content\/uploads\/2014\/05\/m_ramy03.jpg 316w\" sizes=\"auto, (max-width: 300px) 100vw, 300px\" \/><\/a><b>Popis:<\/b><br \/>\nN\u00e1stavbov\u00fd r\u00e1m na paletu, skl\u00e1daj\u00edc\u00ed se ze dvou d\u00edl\u016f, je vyroben jako sva\u0159enec z konstruk\u010dn\u00edch trubek b\u011b\u017en\u00e9 jakosti s k\u0159\u00ed\u017eovou v\u00fdztuhou. Tu lze v p\u0159\u00edpad\u011b pot\u0159eby<\/p>\n<p>(vy\u017eaduje-li to charakter p\u0159epravovan\u00e9ho materi\u00e1lu) doplnit odn\u00edmatelnou st\u0159edn\u00ed p\u0159\u00ed\u010dkou nebo dr\u00e1t\u011bn\u00fdm v\u00fdpletem. Ve spodn\u00ed \u010d\u00e1sti r\u00e1m\u016f jsou nava\u0159eny zar\u00e1\u017eky, kter\u00e9 po mont\u00e1\u017ei obepnou paletu, ve vrchn\u00ed pak op\u011brky pro usazen\u00ed druh\u00e9 palety. Posuvn\u00e9 z\u00e1padky um\u00edst\u011bn\u00e9 na svisl\u00fdch \u010d\u00e1stech r\u00e1mu umo\u017e\u0148uj\u00ed po napln\u011bn\u00ed palety pevn\u00e9 uzam\u010den\u00ed r\u00e1mu pro p\u0159epravu.<\/p>\n<p>Standardn\u00ed povrchov\u00e1 \u00faprava je provedena v zelen\u00e9 barv\u011b (po dohod\u011b mo\u017eno i jin\u00e1).<\/p>\n<p><b>Pou\u017eit\u00ed\u00a0<\/b><\/p>\n<p>N\u00e1stavbov\u00e9 r\u00e1my na palety slou\u017e\u00ed k manipulaci, doprav\u011b a ulo\u017een\u00ed zbo\u017e\u00ed na klasickou EURO-paletu. V\u00fdhodou je mo\u017enost stohov\u00e1n\u00ed a t\u00edm \u00fa\u010deln\u011bj\u0161\u00ed vyu\u017eit\u00ed skladov\u00fdch prostor nebo lo\u017en\u00e9 plochy dopravn\u00edho prost\u0159edku, nap\u0159. u standardn\u00edho n\u00e1v\u011bsu dojde k nav\u00fd\u0161en\u00ed z 33 lo\u017en\u00fdch palet na 66 lo\u017en\u00fdch palet. Dal\u0161\u00ed nespornou v\u00fdhodou je, \u017ee r\u00e1my je mo\u017en\u00e9 slo\u017eit, a t\u00edm dos\u00e1hnout zna\u010dn\u00e9 \u00faspory m\u00edsta ve skladech nebo p\u0159i doprav\u011b.<\/p>\n<p><b>Jmenovit\u00e9 rozm\u011bry:\u00a0<\/b><\/p>\n<p>Hmotnost r\u00e1mu: 29 kg, nosnost r\u00e1mu: 500 kg<\/p>\n<table style=\"width: 580px;\" border=\"0\" cellspacing=\"0\" cellpadding=\"0\">\n<tbody>\n<tr>\n<td align=\"left\" valign=\"top\" width=\"0\"><\/td>\n<td align=\"left\" valign=\"top\"><\/td>\n<\/tr>\n<\/tbody>\n<\/table>\n<p><b>Mont\u00e1\u017e:<\/b><\/p>\n<table style=\"width: 580px;\" border=\"0\" cellspacing=\"0\" cellpadding=\"0\">\n<tbody>\n<tr>\n<td align=\"left\" valign=\"top\" width=\"0\"><\/td>\n<td align=\"left\" valign=\"top\">Mont\u00e1\u017e r\u00e1mu, kter\u00fd se skl\u00e1d\u00e1 ze dvou \u010d\u00e1st\u00ed, se prov\u00e1d\u00ed tak, \u017ee nejd\u0159\u00edve tyto dv\u011b \u010d\u00e1sti nasuneme na paletu. Zar\u00e1\u017eky ve spodn\u00ed \u010d\u00e1sti mus\u00ed dosednout na krajn\u00ed prkna palety. Po napln\u011bn\u00ed ob\u011b \u010d\u00e1sti spoj\u00edme posuvn\u00fdmi z\u00e1padkami, \u010d\u00edm\u017e dos\u00e1hneme pevn\u00e9ho a kompaktn\u00edho celku. P\u0159i rozeb\u00edr\u00e1n\u00ed postupujeme opa\u010dn\u011b.<\/td>\n<\/tr>\n<\/tbody>\n<\/table>\n<p><b>Cena:<\/b><\/p>\n<tbody>\n<tr>\n<td align=\"left\" valign=\"top\" width=\"0\"><\/td>\n<td align=\"left\" valign=\"top\">na vy\u017e\u00e1d\u00e1n\u00ed.<\/td>\n<\/tr>\n<\/tbody>\n<hr \/>\n<p>viz tak\u00e9 <a href=\"https:\/\/kovovyroba.llcomp.cz\/ramy-na-palety\">kovovyroba.llcomp.cz\/ramy-na-palety<\/a><\/p>\n<p>\u00a9 LL spol. s r.o., <a href=\"mailto:webmaster@llcomp.cz\">info@llcomp.cz<\/a><\/p>\n","protected":false},"excerpt":{"rendered":"<p>SKL\u00c1DAC\u00cd N\u00c1STAVBOV\u00c9 R\u00c1MY NA PALETY Popis: N\u00e1stavbov\u00fd r\u00e1m na paletu, skl\u00e1daj\u00edc\u00ed se ze dvou d\u00edl\u016f, je vyroben jako sva\u0159enec z konstruk\u010dn\u00edch trubek b\u011b\u017en\u00e9 jakosti s k\u0159\u00ed\u017eovou v\u00fdztuhou. Tu lze v p\u0159\u00edpad\u011b pot\u0159eby (vy\u017eaduje-li to charakter p\u0159epravovan\u00e9ho materi\u00e1lu) doplnit odn\u00edmatelnou st\u0159edn\u00ed &hellip; <a href=\"https:\/\/web.llcomp.cz\/?page_id=39\">Read more <span class=\"meta-nav\">&raquo;<\/span><\/a><\/p>\n","protected":false},"author":1,"featured_media":0,"parent":30,"menu_order":2,"comment_status":"open","ping_status":"closed","template":"","meta":{"footnotes":""},"class_list":["post-39","page","type-page","status-publish","hentry"],"_links":{"self":[{"href":"https:\/\/web.llcomp.cz\/index.php?rest_route=\/wp\/v2\/pages\/39","targetHints":{"allow":["GET"]}}],"collection":[{"href":"https:\/\/web.llcomp.cz\/index.php?rest_route=\/wp\/v2\/pages"}],"about":[{"href":"https:\/\/web.llcomp.cz\/index.php?rest_route=\/wp\/v2\/types\/page"}],"author":[{"embeddable":true,"href":"https:\/\/web.llcomp.cz\/index.php?rest_route=\/wp\/v2\/users\/1"}],"replies":[{"embeddable":true,"href":"https:\/\/web.llcomp.cz\/index.php?rest_route=%2Fwp%2Fv2%2Fcomments&post=39"}],"version-history":[{"count":20,"href":"https:\/\/web.llcomp.cz\/index.php?rest_route=\/wp\/v2\/pages\/39\/revisions"}],"predecessor-version":[{"id":970,"href":"https:\/\/web.llcomp.cz\/index.php?rest_route=\/wp\/v2\/pages\/39\/revisions\/970"}],"up":[{"embeddable":true,"href":"https:\/\/web.llcomp.cz\/index.php?rest_route=\/wp\/v2\/pages\/30"}],"wp:attachment":[{"href":"https:\/\/web.llcomp.cz\/index.php?rest_route=%2Fwp%2Fv2%2Fmedia&parent=39"}],"curies":[{"name":"wp","href":"https:\/\/api.w.org\/{rel}","templated":true}]}}