{"id":418,"date":"2014-05-02T13:22:23","date_gmt":"2013-04-22T10:09:38","guid":{"rendered":"http:\/\/web.llcomp.cz\/?page_id=418"},"modified":"2020-09-25T14:24:47","modified_gmt":"2020-09-25T12:24:47","slug":"metallurgie","status":"publish","type":"page","link":"https:\/\/web.llcomp.cz\/?page_id=418","title":{"rendered":"M\u00e9tallurgie"},"content":{"rendered":"<p>La soci\u00e9t\u00e9 LL a \u00e9t\u00e9 cr\u00e9\u00e9e en 1992. Le si\u00e8ge social est \u00e0 Prague, la capitale. Les installations de production sont \u00e0 Sob\u011bslav, partie sud de la R\u00e9publique tch\u00e8que. Les halls de production sont facilement accessibles pour les camions. Ils sont \u00e9galement \u00e0 proximit\u00e9 de la gare Sob\u011bslav.<\/p>\n<p>Les sections principales de notre production de m\u00e9tallurgie sont les suivantes :<\/p>\n<p>a) Des productions de quantit\u00e9s plus ou moins importantes<br \/>\nb) Travail des pi\u00e8ces<br \/>\nc) Entretien et r\u00e9paration de machines (sp\u00e9cialisation pour l&#8217;industrie alimentaire)<\/p>\n","protected":false},"excerpt":{"rendered":"<p>La soci\u00e9t\u00e9 LL a \u00e9t\u00e9 cr\u00e9\u00e9e en 1992. Le si\u00e8ge social est \u00e0 Prague, la capitale. Les installations de production sont \u00e0 Sob\u011bslav, partie sud de la R\u00e9publique tch\u00e8que. Les halls de production sont facilement accessibles pour les camions. Ils &hellip; <a href=\"https:\/\/web.llcomp.cz\/?page_id=418\">Read more <span class=\"meta-nav\">&raquo;<\/span><\/a><\/p>\n","protected":false},"author":4,"featured_media":0,"parent":0,"menu_order":1,"comment_status":"open","ping_status":"closed","template":"","meta":{"footnotes":""},"class_list":["post-418","page","type-page","status-publish","hentry"],"_links":{"self":[{"href":"https:\/\/web.llcomp.cz\/index.php?rest_route=\/wp\/v2\/pages\/418","targetHints":{"allow":["GET"]}}],"collection":[{"href":"https:\/\/web.llcomp.cz\/index.php?rest_route=\/wp\/v2\/pages"}],"about":[{"href":"https:\/\/web.llcomp.cz\/index.php?rest_route=\/wp\/v2\/types\/page"}],"author":[{"embeddable":true,"href":"https:\/\/web.llcomp.cz\/index.php?rest_route=\/wp\/v2\/users\/4"}],"replies":[{"embeddable":true,"href":"https:\/\/web.llcomp.cz\/index.php?rest_route=%2Fwp%2Fv2%2Fcomments&post=418"}],"version-history":[{"count":2,"href":"https:\/\/web.llcomp.cz\/index.php?rest_route=\/wp\/v2\/pages\/418\/revisions"}],"predecessor-version":[{"id":909,"href":"https:\/\/web.llcomp.cz\/index.php?rest_route=\/wp\/v2\/pages\/418\/revisions\/909"}],"wp:attachment":[{"href":"https:\/\/web.llcomp.cz\/index.php?rest_route=%2Fwp%2Fv2%2Fmedia&parent=418"}],"curies":[{"name":"wp","href":"https:\/\/api.w.org\/{rel}","templated":true}]}}