{"id":422,"date":"2014-05-02T13:27:22","date_gmt":"2013-02-22T10:56:43","guid":{"rendered":"http:\/\/web.llcomp.cz\/?page_id=422"},"modified":"2018-08-15T10:37:18","modified_gmt":"2018-08-15T08:37:18","slug":"cages-pliantes-sur-des-palettes","status":"publish","type":"page","link":"https:\/\/web.llcomp.cz\/?page_id=422","title":{"rendered":"Cages pliantes sur des palettes"},"content":{"rendered":"<h5>Cadres pliables pour les palettes<\/h5>\n<p><a href=\"http:\/\/web.llcomp.cz\/wp-content\/uploads\/2018\/08\/i_m.jpg\"><img loading=\"lazy\" decoding=\"async\" class=\"size-medium wp-image-786 alignnone\" src=\"http:\/\/web.llcomp.cz\/wp-content\/uploads\/2018\/08\/i_m-300x280.jpg\" alt=\"\" width=\"300\" height=\"280\" srcset=\"https:\/\/web.llcomp.cz\/wp-content\/uploads\/2018\/08\/i_m-300x280.jpg 300w, https:\/\/web.llcomp.cz\/wp-content\/uploads\/2018\/08\/i_m.jpg 316w\" sizes=\"auto, (max-width: 300px) 100vw, 300px\" \/><\/a><\/p>\n<p>Description:<\/p>\n<p>L&#8217;extension de cadre pour les palettes est fabriqu\u00e9 \u00e0 partir de tubes standards. La finition habituelle est de couleur verte. (Peut \u00eatre modifi\u00e9e \u00e0 la demande).<\/p>\n<p>Usage<\/p>\n<p>Les prolongements de ch\u00e2ssis pour les palettes (EUR) sont utilis\u00e9s dans le transport, la manipulation et le stockage des marchandises.<br \/>\nLes avantages : les palettes sont pliables. Elles \u00e9conomisent de l&#8217;espace dans le stockage. Pour le transport, vous pouvez envoyer 66 palettes au lieu de 33 palettes compt\u00e9es dans la zone de chargement.<\/p>\n<p>Taille:<\/p>\n<p>Poids: 29 kg, kapacity: 500 kg<\/p>\n","protected":false},"excerpt":{"rendered":"<p>Cadres pliables pour les palettes Description: L&#8217;extension de cadre pour les palettes est fabriqu\u00e9 \u00e0 partir de tubes standards. La finition habituelle est de couleur verte. (Peut \u00eatre modifi\u00e9e \u00e0 la demande). Usage Les prolongements de ch\u00e2ssis pour les palettes &hellip; <a href=\"https:\/\/web.llcomp.cz\/?page_id=422\">Read more <span class=\"meta-nav\">&raquo;<\/span><\/a><\/p>\n","protected":false},"author":4,"featured_media":0,"parent":418,"menu_order":2,"comment_status":"open","ping_status":"closed","template":"","meta":{"footnotes":""},"class_list":["post-422","page","type-page","status-publish","hentry"],"_links":{"self":[{"href":"https:\/\/web.llcomp.cz\/index.php?rest_route=\/wp\/v2\/pages\/422","targetHints":{"allow":["GET"]}}],"collection":[{"href":"https:\/\/web.llcomp.cz\/index.php?rest_route=\/wp\/v2\/pages"}],"about":[{"href":"https:\/\/web.llcomp.cz\/index.php?rest_route=\/wp\/v2\/types\/page"}],"author":[{"embeddable":true,"href":"https:\/\/web.llcomp.cz\/index.php?rest_route=\/wp\/v2\/users\/4"}],"replies":[{"embeddable":true,"href":"https:\/\/web.llcomp.cz\/index.php?rest_route=%2Fwp%2Fv2%2Fcomments&post=422"}],"version-history":[{"count":2,"href":"https:\/\/web.llcomp.cz\/index.php?rest_route=\/wp\/v2\/pages\/422\/revisions"}],"predecessor-version":[{"id":787,"href":"https:\/\/web.llcomp.cz\/index.php?rest_route=\/wp\/v2\/pages\/422\/revisions\/787"}],"up":[{"embeddable":true,"href":"https:\/\/web.llcomp.cz\/index.php?rest_route=\/wp\/v2\/pages\/418"}],"wp:attachment":[{"href":"https:\/\/web.llcomp.cz\/index.php?rest_route=%2Fwp%2Fv2%2Fmedia&parent=422"}],"curies":[{"name":"wp","href":"https:\/\/api.w.org\/{rel}","templated":true}]}}