{"id":424,"date":"2014-05-02T13:32:37","date_gmt":"2013-02-22T10:55:43","guid":{"rendered":"http:\/\/web.llcomp.cz\/?page_id=424"},"modified":"2014-05-02T16:58:54","modified_gmt":"2014-05-02T14:58:54","slug":"produits-pour-les-musiciens","status":"publish","type":"page","link":"https:\/\/web.llcomp.cz\/?page_id=424","title":{"rendered":"Produits pour les musiciens"},"content":{"rendered":"<p>Accessoire pour violoncelle :<\/p>\n<p>Nous vous offrons notre stand \u00e9l\u00e9gant et pratique pour violoncelle. Vous mettez votre instrument en toute s\u00e9curit\u00e9 en position stationnaire. Vous tra\u00eenez l&#8217;arc sur le crochet de basculement. Avec ce produit, vous obtenez \u00e9galement accessoire tr\u00e8s int\u00e9ressant pour votre int\u00e9rieur.<br \/>\nConception: a) en m\u00e9tal avec rev\u00eatement de couleur argent avec des d\u00e9corations d&#8217;or Conception: b) en m\u00e9tal avec rev\u00eatement de couleur noire avec des d\u00e9corations Woden Poids: 5,8 kg<br \/>\nTaille: 90 x 50 x 33 cm<\/p>\n<p>R\u00e9sonant d&#8217;un violoncelle ENDPIN<\/p>\n<p>En collaboration avec des luthiers et violoncellistes tch\u00e8ques, nous avons d\u00e9velopp\u00e9 un pique \u00e0 l\u2019aide d&#8217;un mat\u00e9riau moderne &#8211; fibre de carbone. Il est stable, \u00e9l\u00e9gant, et ces pointes en acier inoxydable construites sur mesure peuvent \u00eatre chang\u00e9es facilement. Le pique ne p\u00e8se que 68 grammes.<br \/>\nLes mesures standards du c\u00f4ne sont\u00a0:<\/p>\n<p>26,0 \/ 28,3 mm<br \/>\n25,0 \/ 27,3 mm<br \/>\n24,0 \/ 26,3 mm<br \/>\n23,1 \/ 25,4 mm<\/p>\n<p>RESONANT DOUBLE BASS ENDPIN<\/p>\n<p>Ce pique est stable, intelligent et l\u00e9ger. Il est possible de l&#8217;utiliser avec le sabot de caoutchouc ou avec le brochet en acier inoxydable qui semble tout simplement se d\u00e9visser. Le c\u00f4ne en caoutchouc de la cheville correspond \u00e0 l&#8217;al\u00e9soir fourni par des mesures de c\u00f4ne Dick company.<br \/>\nStandard: 29\/32 mm<br \/>\nTaille du c\u00f4ne: 50 mm<br \/>\nTaille, y compris la fixation: 90 mm<br \/>\nLongueur total du pique: 460 mm<\/p>\n<p>Sur demande sp\u00e9ciale du client, nous sommes capables de produire diff\u00e9rentes mesures.<\/p>\n<p>FIL DE LA DOUBLE BASS<\/p>\n<p>pi\u00e8ces:<br \/>\n&#8211; Fil d&#8217;acier<br \/>\n&#8211; Tube m\u00e9tallique<br \/>\n&#8211; 3 vis pour tournevis pas 2<br \/>\nInstructions pour l&#8217;utilisation: Manipuler le tube, ins\u00e9rez une extr\u00e9mit\u00e9 du fil de cca 10 cm dans le tube, puis ins\u00e9rez la deuxi\u00e8me extr\u00e9mit\u00e9 de l&#8217;autre c\u00f4t\u00e9 du tube. Ensuite, prendre deux extr\u00e9mit\u00e9s et obtenir la position du tube au milieu. Le cercle peut \u00eatre r\u00e9alis\u00e9 plus ou moins grand par le soul\u00e8vement des deux c\u00f4t\u00e9s de la toile. Lorsque la taille est adapt\u00e9e \u00e0 votre instrument, \u00e0 visser les vis dans les trous de vis-pilote &#8220;imbus&#8221; n \u00b0 2.<\/p>\n","protected":false},"excerpt":{"rendered":"<p>Accessoire pour violoncelle : Nous vous offrons notre stand \u00e9l\u00e9gant et pratique pour violoncelle. Vous mettez votre instrument en toute s\u00e9curit\u00e9 en position stationnaire. Vous tra\u00eenez l&#8217;arc sur le crochet de basculement. Avec ce produit, vous obtenez \u00e9galement accessoire tr\u00e8s &hellip; <a href=\"https:\/\/web.llcomp.cz\/?page_id=424\">Read more <span class=\"meta-nav\">&raquo;<\/span><\/a><\/p>\n","protected":false},"author":4,"featured_media":0,"parent":418,"menu_order":3,"comment_status":"open","ping_status":"closed","template":"","meta":{"footnotes":""},"class_list":["post-424","page","type-page","status-publish","hentry"],"_links":{"self":[{"href":"https:\/\/web.llcomp.cz\/index.php?rest_route=\/wp\/v2\/pages\/424","targetHints":{"allow":["GET"]}}],"collection":[{"href":"https:\/\/web.llcomp.cz\/index.php?rest_route=\/wp\/v2\/pages"}],"about":[{"href":"https:\/\/web.llcomp.cz\/index.php?rest_route=\/wp\/v2\/types\/page"}],"author":[{"embeddable":true,"href":"https:\/\/web.llcomp.cz\/index.php?rest_route=\/wp\/v2\/users\/4"}],"replies":[{"embeddable":true,"href":"https:\/\/web.llcomp.cz\/index.php?rest_route=%2Fwp%2Fv2%2Fcomments&post=424"}],"version-history":[{"count":1,"href":"https:\/\/web.llcomp.cz\/index.php?rest_route=\/wp\/v2\/pages\/424\/revisions"}],"predecessor-version":[{"id":425,"href":"https:\/\/web.llcomp.cz\/index.php?rest_route=\/wp\/v2\/pages\/424\/revisions\/425"}],"up":[{"embeddable":true,"href":"https:\/\/web.llcomp.cz\/index.php?rest_route=\/wp\/v2\/pages\/418"}],"wp:attachment":[{"href":"https:\/\/web.llcomp.cz\/index.php?rest_route=%2Fwp%2Fv2%2Fmedia&parent=424"}],"curies":[{"name":"wp","href":"https:\/\/api.w.org\/{rel}","templated":true}]}}