{"id":426,"date":"2014-05-02T13:39:37","date_gmt":"2013-05-13T12:46:32","guid":{"rendered":"http:\/\/web.llcomp.cz\/?page_id=426"},"modified":"2014-05-02T16:59:04","modified_gmt":"2014-05-02T14:59:04","slug":"les-moyens-de-production","status":"publish","type":"page","link":"https:\/\/web.llcomp.cz\/?page_id=426","title":{"rendered":"Les moyens de production"},"content":{"rendered":"<p>La production en s\u00e9rie de pi\u00e8ces en rotation se fait sur des machines de tournage automatiques . Le diam\u00e8tre max est de 40 mm . La production de pi\u00e8ces ou de petits lots se fait sur des machines universelles concues a l aide de turbines &#8211; tours, machines tournantes, perceuses, fraiseuses et rectifieuses. Sur ces machines, nous pouvons travailler avec tous les mat\u00e9riaux m\u00e9talliques communs qui sont : acier, inox, aluminium, une gamme vari\u00e9e de alliages de cuivre et de certains types de plastiques techniques.<\/p>\n<p>Cette partie de la production est compl\u00e9t\u00e9e par serrurerie et atelier de service \u00e9quip\u00e9e de machines permettant de diviser la mati\u00e8re, la flexion des plaques de m\u00e9tal, poin\u00e7onner les trous, et il permet aussi le soudage. Ici, nous pouvons produire des constructions de pi\u00e8ces m\u00e9talliques en acier et en t\u00f4le.<\/p>\n<p>L&#8217;atelier de service est \u00e9quip\u00e9 d&#8217;outils de montage de r\u00e9paration des machines avec la sp\u00e9cialisation de l&#8217;industrie alimentaire, y compris les reconstructions de pi\u00e8ces \u00e9lectriques. Cette large vari\u00e9t\u00e9 de machines et de mat\u00e9riel avec les travailleurs qualifi\u00e9s nous permettent d&#8217;offrir la production d&#8217;une pi\u00e8ce \u00e0 grandes constructions y compris les \u0153uvres habituelles construites.<\/p>\n<p>La finition (galvanisation , rev\u00eatement par pulv\u00e9risation, le placage de chrome , etc ) est r\u00e9alis\u00e9e en coop\u00e9ration avec la production \u00e0 proximit\u00e9.<\/p>\n<p>Notre soci\u00e9t\u00e9 construit la coop\u00e9ration sur un contact \u00e9troit avec le client sur \u200b\u200bla base de produits de haute qualit\u00e9 , des d\u00e9lais de livraison courts et un service parfait &#8211; unique pour chaque client. Notre \u00e9quipe est l\u00e0 pour vous &#8211; pr\u00eat \u00e0 examiner les d\u00e9tails techniques, d&#8217;accord sur le calendrier de production et l&#8217;organisation du transport pour vous.<br \/>\nMachinery = La machinerie<\/p>\n<p>Presse excentrique 40 tonnes<br \/>\nPresse excentrique 160 tonnes<br \/>\nPresse excentrique 250 tonnes<br \/>\nPresse hydraulique de 40 tonnes<br \/>\nForge, ressort marteau inclus<br \/>\nMIG (MAG) soudage<br \/>\nsoudage TIG<br \/>\nTour de moteur<br \/>\nPilier machine de forage<br \/>\nRectifieuse plaine<br \/>\nfraise<br \/>\nTour automatique (diam\u00e8tre 40 mm)<br \/>\ncompresseur<br \/>\nCisailles \u00e9lectriques (\u00e0 4 mm)<br \/>\nScie \u00e0 m\u00e9taux<br \/>\nPerceuse radiale<br \/>\nMachine de forage Peedestal<br \/>\nfreins presse<br \/>\nLa zone de production est d&#8217;environ grande de 900m2 et la zone de stockage est de 500m2.<\/p>\n","protected":false},"excerpt":{"rendered":"<p>La production en s\u00e9rie de pi\u00e8ces en rotation se fait sur des machines de tournage automatiques . Le diam\u00e8tre max est de 40 mm . La production de pi\u00e8ces ou de petits lots se fait sur des machines universelles concues &hellip; <a href=\"https:\/\/web.llcomp.cz\/?page_id=426\">Read more <span class=\"meta-nav\">&raquo;<\/span><\/a><\/p>\n","protected":false},"author":4,"featured_media":0,"parent":418,"menu_order":4,"comment_status":"open","ping_status":"closed","template":"","meta":{"footnotes":""},"class_list":["post-426","page","type-page","status-publish","hentry"],"_links":{"self":[{"href":"https:\/\/web.llcomp.cz\/index.php?rest_route=\/wp\/v2\/pages\/426","targetHints":{"allow":["GET"]}}],"collection":[{"href":"https:\/\/web.llcomp.cz\/index.php?rest_route=\/wp\/v2\/pages"}],"about":[{"href":"https:\/\/web.llcomp.cz\/index.php?rest_route=\/wp\/v2\/types\/page"}],"author":[{"embeddable":true,"href":"https:\/\/web.llcomp.cz\/index.php?rest_route=\/wp\/v2\/users\/4"}],"replies":[{"embeddable":true,"href":"https:\/\/web.llcomp.cz\/index.php?rest_route=%2Fwp%2Fv2%2Fcomments&post=426"}],"version-history":[{"count":1,"href":"https:\/\/web.llcomp.cz\/index.php?rest_route=\/wp\/v2\/pages\/426\/revisions"}],"predecessor-version":[{"id":427,"href":"https:\/\/web.llcomp.cz\/index.php?rest_route=\/wp\/v2\/pages\/426\/revisions\/427"}],"up":[{"embeddable":true,"href":"https:\/\/web.llcomp.cz\/index.php?rest_route=\/wp\/v2\/pages\/418"}],"wp:attachment":[{"href":"https:\/\/web.llcomp.cz\/index.php?rest_route=%2Fwp%2Fv2%2Fmedia&parent=426"}],"curies":[{"name":"wp","href":"https:\/\/api.w.org\/{rel}","templated":true}]}}