{"id":432,"date":"2014-05-02T13:52:57","date_gmt":"2014-05-02T11:52:57","guid":{"rendered":"http:\/\/web.llcomp.cz\/?page_id=432"},"modified":"2020-09-25T14:37:00","modified_gmt":"2020-09-25T12:37:00","slug":"extraction","status":"publish","type":"page","link":"https:\/\/web.llcomp.cz\/?page_id=432","title":{"rendered":"Production d&#8217;extraits"},"content":{"rendered":"<p>Notre offre<\/p>\n<p>Nous fournissons des extraits, concentr\u00e9s et sirops de notre production avec et sans certification biologique.<br \/>\nEn attendant, nous vous proposons sirops pour l&#8217;industrie alimentaire et des boissons \u00e0 partir des herbes suivantes:<br \/>\ngingembre,<br \/>\nsureau<br \/>\nmenthe,<br \/>\naiguille d&#8217;\u00e9pinette,<br \/>\naiguilles de pin,<br \/>\nplantain,<br \/>\nortie.<\/p>\n<p>Nos sirops, concentr\u00e9s et extraits sont disponibles dans diff\u00e9rents types d&#8217;emballages e. g. F\u00fbts de 200 l ou 1000 l dans des conteneurs.<br \/>\nPour plus d&#8217;informations, CARACTERIS t\u00e9l \/ fax: 235366410, e-mail: info@llcomp.cz, www.sirupy.eu<\/p>\n","protected":false},"excerpt":{"rendered":"<p>Notre offre Nous fournissons des extraits, concentr\u00e9s et sirops de notre production avec et sans certification biologique. En attendant, nous vous proposons sirops pour l&#8217;industrie alimentaire et des boissons \u00e0 partir des herbes suivantes: gingembre, sureau menthe, aiguille d&#8217;\u00e9pinette, aiguilles &hellip; <a href=\"https:\/\/web.llcomp.cz\/?page_id=432\">Read more <span class=\"meta-nav\">&raquo;<\/span><\/a><\/p>\n","protected":false},"author":4,"featured_media":0,"parent":0,"menu_order":0,"comment_status":"open","ping_status":"closed","template":"","meta":{"footnotes":""},"class_list":["post-432","page","type-page","status-publish","hentry"],"_links":{"self":[{"href":"https:\/\/web.llcomp.cz\/index.php?rest_route=\/wp\/v2\/pages\/432","targetHints":{"allow":["GET"]}}],"collection":[{"href":"https:\/\/web.llcomp.cz\/index.php?rest_route=\/wp\/v2\/pages"}],"about":[{"href":"https:\/\/web.llcomp.cz\/index.php?rest_route=\/wp\/v2\/types\/page"}],"author":[{"embeddable":true,"href":"https:\/\/web.llcomp.cz\/index.php?rest_route=\/wp\/v2\/users\/4"}],"replies":[{"embeddable":true,"href":"https:\/\/web.llcomp.cz\/index.php?rest_route=%2Fwp%2Fv2%2Fcomments&post=432"}],"version-history":[{"count":2,"href":"https:\/\/web.llcomp.cz\/index.php?rest_route=\/wp\/v2\/pages\/432\/revisions"}],"predecessor-version":[{"id":910,"href":"https:\/\/web.llcomp.cz\/index.php?rest_route=\/wp\/v2\/pages\/432\/revisions\/910"}],"wp:attachment":[{"href":"https:\/\/web.llcomp.cz\/index.php?rest_route=%2Fwp%2Fv2%2Fmedia&parent=432"}],"curies":[{"name":"wp","href":"https:\/\/api.w.org\/{rel}","templated":true}]}}