{"id":434,"date":"2014-05-02T13:54:03","date_gmt":"2013-02-22T10:16:13","guid":{"rendered":"http:\/\/web.llcomp.cz\/?page_id=434"},"modified":"2014-05-02T13:54:03","modified_gmt":"2014-05-02T11:54:03","slug":"les-differentes-herbes-utilisees","status":"publish","type":"page","link":"https:\/\/web.llcomp.cz\/?page_id=434","title":{"rendered":"Les diff\u011brentes herbes utilis\u00e9es"},"content":{"rendered":"<p>Notre assortiment d&#8217;herbes<\/p>\n<p>Une partie des plantes utilis\u00e9es dans notre production sont cultiv\u00e9es dans nos champs et s\u00e9ch\u00e9es avec la chaleur perdue dans notre salle de s\u00e9chage. Certaines des plantes qui sont disponibles \u00e0 partir de notre culture et d&#8217;autres sources ne vont pas \u00eatre utilis\u00e9 dans nos extractions afin que nous puissions les offrir directement \u00e0 la vente. La liste des plantes et parties de plantes \u00e0 partir de cultures en 2012 est :<\/p>\n<p>menthe poivr\u00e9e s\u00e9ch\u00e9e organique<br \/>\nmenthe poivr\u00e9e s\u00e9ch\u00e9e<br \/>\nplantain feuilles s\u00e9ch\u00e9es bio<br \/>\nbouleau feuilles s\u00e9ch\u00e9es bio<br \/>\nfeuilles de bouleau<br \/>\nsureau biologique s\u00e9ch\u00e9<br \/>\ngingembre s\u00e9ch\u00e9 organique<br \/>\nmarrons secs<\/p>\n<p>Quantit\u00e9 minimale d&#8217;ordre: 15, &#8211; kg, emball\u00e9s dans des sacs en papier.<br \/>\nEn ce qui concerne les quantit\u00e9s disponibles et les prix, s&#8217;il vous pla\u00eet, contactez-nous par t\u00e9l\u00e9phone et fax: 235366410 ou par e-mail e. g. \u00e0 info@llcomp.cz.<\/p>\n","protected":false},"excerpt":{"rendered":"<p>Notre assortiment d&#8217;herbes Une partie des plantes utilis\u00e9es dans notre production sont cultiv\u00e9es dans nos champs et s\u00e9ch\u00e9es avec la chaleur perdue dans notre salle de s\u00e9chage. Certaines des plantes qui sont disponibles \u00e0 partir de notre culture et d&#8217;autres &hellip; <a href=\"https:\/\/web.llcomp.cz\/?page_id=434\">Read more <span class=\"meta-nav\">&raquo;<\/span><\/a><\/p>\n","protected":false},"author":4,"featured_media":0,"parent":0,"menu_order":0,"comment_status":"open","ping_status":"closed","template":"","meta":{"footnotes":""},"class_list":["post-434","page","type-page","status-publish","hentry"],"_links":{"self":[{"href":"https:\/\/web.llcomp.cz\/index.php?rest_route=\/wp\/v2\/pages\/434","targetHints":{"allow":["GET"]}}],"collection":[{"href":"https:\/\/web.llcomp.cz\/index.php?rest_route=\/wp\/v2\/pages"}],"about":[{"href":"https:\/\/web.llcomp.cz\/index.php?rest_route=\/wp\/v2\/types\/page"}],"author":[{"embeddable":true,"href":"https:\/\/web.llcomp.cz\/index.php?rest_route=\/wp\/v2\/users\/4"}],"replies":[{"embeddable":true,"href":"https:\/\/web.llcomp.cz\/index.php?rest_route=%2Fwp%2Fv2%2Fcomments&post=434"}],"version-history":[{"count":1,"href":"https:\/\/web.llcomp.cz\/index.php?rest_route=\/wp\/v2\/pages\/434\/revisions"}],"predecessor-version":[{"id":435,"href":"https:\/\/web.llcomp.cz\/index.php?rest_route=\/wp\/v2\/pages\/434\/revisions\/435"}],"wp:attachment":[{"href":"https:\/\/web.llcomp.cz\/index.php?rest_route=%2Fwp%2Fv2%2Fmedia&parent=434"}],"curies":[{"name":"wp","href":"https:\/\/api.w.org\/{rel}","templated":true}]}}