{"id":559,"date":"2015-12-23T13:51:28","date_gmt":"2015-12-23T12:51:28","guid":{"rendered":"http:\/\/web.llcomp.cz\/?page_id=559"},"modified":"2018-02-20T11:12:42","modified_gmt":"2018-02-20T10:12:42","slug":"fotoramecky","status":"publish","type":"page","link":"https:\/\/web.llcomp.cz\/?page_id=559","title":{"rendered":"Doprodej fotor\u00e1me\u010dk\u016f"},"content":{"rendered":"<p><a href=\"http:\/\/web.llcomp.cz\/wp-content\/uploads\/2015\/12\/23122015274.gif\" rel=\"attachment wp-att-560\"><img loading=\"lazy\" decoding=\"async\" class=\"size-full wp-image-560 alignnone\" src=\"http:\/\/web.llcomp.cz\/wp-content\/uploads\/2015\/12\/23122015274.gif\" alt=\"23122015274\" width=\"194\" height=\"259\" \/><\/a><\/p>\n<p>V doprodeji p\u0159ebytk\u016f z vlastn\u00ed tov\u00e1rny provozovan\u00e9 p\u0159ed lety v B\u011bchovic\u00edch nab\u00edz\u00edme d\u0159ev\u011bn\u00e9 fotor\u00e1me\u010dky se slevou za v\u00fdprodejov\u00e9 ceny od 30 do 80 K\u010d. Rozm\u011bry: 13 x 18, 18 x 24, 20 x 30, 28 x 35, 30 x 40 cm. Osobn\u00ed odb\u011br po p\u0159edchoz\u00ed dohod\u011b v Praze 6 B\u0159evnov\u011b (viz\u00a0<a href=\"http:\/\/web.llcomp.cz\/kontakt\/\">Kontakt<\/a>). Minim\u00e1ln\u00ed objedn\u00e1vka je 10 r\u00e1me\u010dk\u016f.<\/p>\n","protected":false},"excerpt":{"rendered":"<p>V doprodeji p\u0159ebytk\u016f z vlastn\u00ed tov\u00e1rny provozovan\u00e9 p\u0159ed lety v B\u011bchovic\u00edch nab\u00edz\u00edme d\u0159ev\u011bn\u00e9 fotor\u00e1me\u010dky se slevou za v\u00fdprodejov\u00e9 ceny od 30 do 80 K\u010d. Rozm\u011bry: 13 x 18, 18 x 24, 20 x 30, 28 x 35, 30 x 40 &hellip; <a href=\"https:\/\/web.llcomp.cz\/?page_id=559\">Read more <span class=\"meta-nav\">&raquo;<\/span><\/a><\/p>\n","protected":false},"author":4,"featured_media":0,"parent":25,"menu_order":0,"comment_status":"closed","ping_status":"closed","template":"","meta":{"footnotes":""},"class_list":["post-559","page","type-page","status-publish","hentry"],"_links":{"self":[{"href":"https:\/\/web.llcomp.cz\/index.php?rest_route=\/wp\/v2\/pages\/559","targetHints":{"allow":["GET"]}}],"collection":[{"href":"https:\/\/web.llcomp.cz\/index.php?rest_route=\/wp\/v2\/pages"}],"about":[{"href":"https:\/\/web.llcomp.cz\/index.php?rest_route=\/wp\/v2\/types\/page"}],"author":[{"embeddable":true,"href":"https:\/\/web.llcomp.cz\/index.php?rest_route=\/wp\/v2\/users\/4"}],"replies":[{"embeddable":true,"href":"https:\/\/web.llcomp.cz\/index.php?rest_route=%2Fwp%2Fv2%2Fcomments&post=559"}],"version-history":[{"count":8,"href":"https:\/\/web.llcomp.cz\/index.php?rest_route=\/wp\/v2\/pages\/559\/revisions"}],"predecessor-version":[{"id":759,"href":"https:\/\/web.llcomp.cz\/index.php?rest_route=\/wp\/v2\/pages\/559\/revisions\/759"}],"up":[{"embeddable":true,"href":"https:\/\/web.llcomp.cz\/index.php?rest_route=\/wp\/v2\/pages\/25"}],"wp:attachment":[{"href":"https:\/\/web.llcomp.cz\/index.php?rest_route=%2Fwp%2Fv2%2Fmedia&parent=559"}],"curies":[{"name":"wp","href":"https:\/\/api.w.org\/{rel}","templated":true}]}}